{"id":176,"date":"2022-11-10T01:48:44","date_gmt":"2022-11-10T01:48:44","guid":{"rendered":"https:\/\/osencmag.com\/?page_id=176"},"modified":"2022-11-10T13:17:08","modified_gmt":"2022-11-10T13:17:08","slug":"terms-and-conditions","status":"publish","type":"page","link":"https:\/\/osencmag.com\/it\/terms-and-conditions\/","title":{"rendered":"Termini e condizioni"},"content":{"rendered":"<div data-elementor-type=\"wp-page\" data-elementor-id=\"176\" class=\"elementor elementor-176\" data-elementor-post-type=\"page\">\n\t\t\t\t\t\t<section class=\"elementor-section elementor-top-section elementor-element elementor-element-512d89c elementor-section-height-min-height elementor-section-boxed elementor-section-height-default elementor-section-items-middle\" data-id=\"512d89c\" data-element_type=\"section\" data-e-type=\"section\">\n\t\t\t\t\t\t<div class=\"elementor-container elementor-column-gap-default\">\n\t\t\t\t\t<div class=\"elementor-column elementor-col-100 elementor-top-column elementor-element elementor-element-8646955\" data-id=\"8646955\" data-element_type=\"column\" data-e-type=\"column\">\n\t\t\t<div class=\"elementor-widget-wrap elementor-element-populated\">\n\t\t\t\t\t\t<div class=\"elementor-element elementor-element-5ad029f elementor-widget elementor-widget-heading\" data-id=\"5ad029f\" data-element_type=\"widget\" data-e-type=\"widget\" data-widget_type=\"heading.default\">\n\t\t\t\t<div class=\"elementor-widget-container\">\n\t\t\t\t\t<h1 class=\"elementor-heading-title elementor-size-default\">Termini e condizioni<\/h1>\t\t\t\t<\/div>\n\t\t\t\t<\/div>\n\t\t\t\t\t<\/div>\n\t\t<\/div>\n\t\t\t\t\t<\/div>\n\t\t<\/section>\n\t\t\t\t<section class=\"elementor-section elementor-top-section elementor-element elementor-element-8b05ccb elementor-section-boxed elementor-section-height-default elementor-section-height-default\" data-id=\"8b05ccb\" data-element_type=\"section\" data-e-type=\"section\">\n\t\t\t\t\t\t<div class=\"elementor-container elementor-column-gap-default\">\n\t\t\t\t\t<div class=\"elementor-column elementor-col-100 elementor-top-column elementor-element elementor-element-814dc71\" data-id=\"814dc71\" data-element_type=\"column\" data-e-type=\"column\">\n\t\t\t<div class=\"elementor-widget-wrap elementor-element-populated\">\n\t\t\t\t\t\t<div class=\"elementor-element elementor-element-e3ef49e elementor-widget elementor-widget-text-editor\" data-id=\"e3ef49e\" data-element_type=\"widget\" data-e-type=\"widget\" data-widget_type=\"text-editor.default\">\n\t\t\t\t<div class=\"elementor-widget-container\">\n\t\t\t\t\t\t\t\t\t<p>Ultimo aggiornamento: 15 ottobre 2022<\/p><p>Si prega di leggere attentamente questi termini e condizioni prima di utilizzare il nostro Servizio.<\/p><h2>Interpretazione e definizioni<\/h2><h3>Interpretazione<\/h3><p>Le parole la cui lettera iniziale \u00e8 maiuscola hanno un significato definito nelle seguenti condizioni. Le seguenti definizioni hanno lo stesso significato indipendentemente dal fatto che appaiano al singolare o al plurale.<\/p><h3>Definizioni<\/h3><p>Ai fini dei presenti Termini e Condizioni:<\/p><ul><li><strong>Affiliato<\/strong> indica un'entit\u00e0 che controlla, \u00e8 controllata da o \u00e8 sotto controllo comune con una parte, dove per \u201ccontrollo\u201d si intende la propriet\u00e0 di 50% o pi\u00f9 delle azioni, partecipazioni o altri titoli che danno diritto al voto per l'elezione degli amministratori o di altri poteri di gestione.<\/li><li><strong>Paese<\/strong> si riferisce a: Cina<\/li><li><strong>Azienda<\/strong> (indicata come \u201cla Societ\u00e0\u201d, \u201c<a class=\"wpil_keyword_link\" href=\"https:\/\/osencmag.com\/it\/why-choose-osencmag\/\"   title=\"Noi\" data-wpil-keyword-link=\"linked\"  data-wpil-monitor-id=\"366\">Noi<\/a>\u201c, \u201cNoi\u201d o \u201cNostro\u201d nel presente Contratto) si riferisce a Osenc Magnet Co., Ltd, Mu Lun Chuang Ye Er Lu, Changpin, Dongguan 523000.<\/li><li><strong>Dispositivo<\/strong> si intende qualsiasi dispositivo in grado di accedere al Servizio, come un computer, un telefono cellulare o una tavoletta digitale.<\/li><li><strong>Servizio<\/strong> si riferisce al Sito web.<\/li><li><strong>Termini e condizioni<\/strong> (anche \u201cTermini\u201d) si intendono i presenti Termini e condizioni che costituiscono l'intero accordo tra l'Utente e la Societ\u00e0 in merito all'utilizzo del Servizio. Il presente contratto di Termini e Condizioni \u00e8 stato creato con l'aiuto del Generatore di Termini e Condizioni di TermsFeed.<\/li><li><strong>Servizio di social media di terze parti<\/strong> indica qualsiasi servizio o contenuto (compresi dati, informazioni, prodotti o servizi) fornito da terzi che pu\u00f2 essere visualizzato, incluso o reso disponibile dal Servizio.<\/li><li><strong>Sito web<\/strong> si riferisce a Osenc, raggiungibile da https:\/\/osencmag.com\/<\/li><li><strong>Tu<\/strong> indica l'individuo che accede o utilizza il Servizio, o la societ\u00e0 o altra persona giuridica per conto della quale tale individuo accede o utilizza il Servizio, a seconda dei casi.<\/li><\/ul><h2>Riconoscimento<\/h2><p>Questi sono i Termini e le Condizioni che regolano l'uso di questo Servizio e l'accordo che intercorre tra l'Utente e la Societ\u00e0. I presenti Termini e condizioni stabiliscono i diritti e gli obblighi di tutti gli utenti in merito all'utilizzo del Servizio.<\/p><p>L'accesso e l'utilizzo del Servizio da parte dell'utente sono subordinati all'accettazione e al rispetto dei presenti Termini e condizioni. I presenti Termini e condizioni si applicano a tutti i visitatori, utenti e altri soggetti che accedono o utilizzano il Servizio.<br \/>Accedendo o utilizzando il Servizio, l'Utente accetta di essere vincolato dai presenti Termini e condizioni. Se l'Utente non \u00e8 d'accordo con una qualsiasi parte dei presenti Termini e condizioni, non pu\u00f2 accedere al Servizio.<\/p><p>L'utente dichiara di avere pi\u00f9 di 18 anni. La Societ\u00e0 non consente ai minori di 18 anni di utilizzare il Servizio.<br \/>L'accesso e l'utilizzo del Servizio da parte dell'Utente sono inoltre subordinati all'accettazione e al rispetto della Politica sulla privacy della Societ\u00e0. La nostra Informativa sulla privacy descrive le nostre politiche e procedure sulla raccolta, l'uso e la divulgazione dei dati personali dell'Utente quando utilizza l'Applicazione o il Sito web e informa l'Utente sui suoi diritti alla privacy e su come la legge lo protegge. Si prega di leggere attentamente la nostra Informativa sulla privacy prima di utilizzare il nostro Servizio.<\/p><h2>Link ad altri siti web<\/h2><p>Il nostro Servizio pu\u00f2 contenere link a siti web o servizi di terzi che non sono di propriet\u00e0 o controllati dalla Societ\u00e0.<\/p><p>La Societ\u00e0 non ha alcun controllo e non si assume alcuna responsabilit\u00e0 per il contenuto, le politiche sulla privacy o le pratiche di qualsiasi sito web o servizio di terzi. L'utente riconosce e accetta inoltre che la Societ\u00e0 non sar\u00e0 responsabile, direttamente o indirettamente, per eventuali danni o perdite causati o che si presume possano essere causati da o in connessione con l'uso o l'affidamento su tali contenuti, beni o servizi disponibili su o attraverso tali siti web o servizi.<\/p><p>Consigliamo vivamente all'Utente di leggere i termini e le condizioni e le politiche sulla privacy di qualsiasi sito o servizio web di terzi che l'Utente visita.<\/p><h2>Terminazione<\/h2><p>Possiamo interrompere o sospendere l'accesso dell'Utente immediatamente, senza preavviso o responsabilit\u00e0, per qualsiasi motivo, incluso, senza limitazione, se l'Utente viola i presenti Termini e condizioni.<\/p><p>In caso di risoluzione, il diritto dell'Utente di utilizzare il Servizio cesser\u00e0 immediatamente.<\/p><h2>Limitazione di responsabilit\u00e0<\/h2><p>A prescindere da eventuali danni che l'Utente potrebbe subire, l'intera responsabilit\u00e0 della Societ\u00e0 e di qualsiasi suo fornitore ai sensi di qualsiasi disposizione dei presenti Termini e il rimedio esclusivo dell'Utente per tutto ci\u00f2 sar\u00e0 limitato all'importo effettivamente pagato dall'Utente tramite il Servizio o a 100 USD se l'Utente non ha acquistato nulla tramite il Servizio.<\/p><p>Nella misura massima consentita dalla legge applicabile, in nessun caso la Societ\u00e0 o i suoi fornitori saranno responsabili per danni speciali, incidentali, indiretti o consequenziali di qualsiasi tipo (inclusi, ma non limitati a, danni per perdita di profitti, perdita di dati o altre informazioni, per interruzione dell'attivit\u00e0, per lesioni personali, perdita di privacy derivanti da o in qualsiasi modo correlati all'utilizzo o all'impossibilit\u00e0 di utilizzare il Servizio, il software di terzi e\/o l'hardware di terzi utilizzato con il Servizio, o comunque in relazione a qualsiasi disposizione dei presenti Termini), anche se la Societ\u00e0 o qualsiasi fornitore \u00e8 stato avvisato della possibilit\u00e0 di tali danni e anche se il rimedio fallisce il suo scopo essenziale.<\/p><p>Alcuni Stati non consentono l'esclusione di garanzie implicite o la limitazione di responsabilit\u00e0 per danni incidentali o consequenziali, il che significa che alcune delle limitazioni di cui sopra potrebbero non essere applicabili. In questi Stati, la responsabilit\u00e0 di ciascuna parte sar\u00e0 limitata nella misura massima consentita dalla legge.<\/p><h2>\u201cCOS\u00cc COM'\u00c8\u201d e \u201cCOME DISPONIBILE\u201d.<\/h2><p>Il Servizio viene fornito all'Utente \u201cCOS\u00cc COM'\u00c8\u201d e \u201cCOME DISPONIBILE\u201d e con tutti i difetti e le mancanze senza alcun tipo di garanzia. Nella misura massima consentita dalla legge applicabile, la Societ\u00e0, per conto proprio e per conto delle sue Affiliate e dei suoi rispettivi licenziatari e fornitori di servizi, declina espressamente tutte le garanzie, espresse, implicite, legali o di altro tipo, in relazione al Servizio, comprese tutte le garanzie implicite di commerciabilit\u00e0, idoneit\u00e0 per uno scopo particolare, titolarit\u00e0 e non violazione, e le garanzie che possono derivare da un comportamento commerciale, dall'esecuzione, dagli usi o dalla prassi commerciale. Senza limitazioni a quanto sopra, la Societ\u00e0 non fornisce alcuna garanzia o impegno e non dichiara in alcun modo che il Servizio soddisfer\u00e0 i requisiti dell'Utente, raggiunger\u00e0 i risultati previsti, sar\u00e0 compatibile o funzioner\u00e0 con qualsiasi altro software, applicazione, sistema o servizio, funzioner\u00e0 senza interruzioni, soddisfer\u00e0 qualsiasi standard di prestazione o affidabilit\u00e0 o sar\u00e0 privo di errori o che qualsiasi errore o difetto potr\u00e0 essere corretto.<\/p><p>Senza limitare quanto sopra, n\u00e9 la Societ\u00e0 n\u00e9 alcuno dei suoi fornitori rilascia alcuna dichiarazione o garanzia di alcun tipo, espressa o implicita: (i) in merito al funzionamento o alla disponibilit\u00e0 del Servizio, o alle informazioni, ai contenuti, ai materiali o ai prodotti in esso inclusi; (ii) che il Servizio sar\u00e0 ininterrotto o privo di errori; (iii) in merito all'accuratezza, all'affidabilit\u00e0 o all'attualit\u00e0 di qualsiasi informazione o contenuto fornito attraverso il Servizio; o (iv) che il Servizio, i suoi server, i contenuti o le e-mail inviate da o per conto della Societ\u00e0 siano privi di virus, script, cavalli di Troia, worm, malware, timebomb o altri componenti dannosi.<\/p><p>Alcune giurisdizioni non consentono l'esclusione di alcuni tipi di garanzie o limitazioni dei diritti legali applicabili a un consumatore, pertanto alcune o tutte le esclusioni e limitazioni di cui sopra potrebbero non essere applicabili all'Utente. In tal caso, tuttavia, le esclusioni e le limitazioni di cui alla presente sezione saranno applicate nella massima misura possibile ai sensi della legge applicabile.<\/p><h2>Legge applicabile<\/h2><p>Le leggi del Paese, escluse le norme sui conflitti di legge, disciplinano i presenti Termini e l'utilizzo del Servizio da parte dell'Utente. L'utilizzo dell'Applicazione da parte dell'Utente pu\u00f2 essere soggetto anche ad altre leggi locali, statali, nazionali o internazionali.<\/p><h2>Risoluzione delle controversie<\/h2><p>In caso di dubbi o controversie sul Servizio, l'Utente si impegna a cercare di risolvere la controversia in modo informale contattando la Societ\u00e0.<\/p><h2>Per gli utenti dell'Unione Europea (UE)<\/h2><p>Se siete un consumatore dell'Unione Europea, beneficerete di tutte le disposizioni obbligatorie della legge del paese in cui risiedete.<\/p><h2>Conformit\u00e0 legale negli Stati Uniti<\/h2><p>L'utente dichiara e garantisce che (i) non si trova in un paese soggetto a embargo da parte del governo degli Stati Uniti, o che \u00e8 stato designato dal governo degli Stati Uniti come paese \u201csostenitore del terrorismo\u201d, e (ii) non \u00e8 elencato in nessun elenco del governo degli Stati Uniti di parti proibite o limitate.<\/p><h2>Separabilit\u00e0 e rinuncia<\/h2><h3>Severit\u00e0<\/h3><p>Se una qualsiasi disposizione dei presenti Termini \u00e8 ritenuta inapplicabile o non valida, tale disposizione sar\u00e0 modificata e interpretata per raggiungere gli obiettivi di tale disposizione nella massima misura possibile in base alla legge applicabile e le restanti disposizioni continueranno ad avere pieno vigore ed effetto.<\/p><h3>Rinuncia<\/h3><p>Salvo quanto previsto nel presente documento, il mancato esercizio di un diritto o la mancata richiesta di adempimento di un obbligo ai sensi dei presenti Termini non pregiudica la possibilit\u00e0 di una parte di esercitare tale diritto o di richiedere tale adempimento in qualsiasi momento successivo, n\u00e9 la rinuncia a una violazione costituisce una rinuncia a qualsiasi violazione successiva.<\/p><h2>Traduzione Interpretazione<\/h2><p>I presenti Termini e condizioni possono essere stati tradotti se sono stati messi a disposizione dell'utente sul nostro Servizio. L'Utente accetta che il testo originale in inglese prevalga in caso di controversia.<\/p><h2>Modifiche ai presenti Termini e condizioni<\/h2><p>Ci riserviamo il diritto, a nostra esclusiva discrezione, di modificare o sostituire le presenti Condizioni in qualsiasi momento. In caso di modifiche sostanziali, ci impegneremo a fornire un preavviso di almeno 30 giorni prima dell'entrata in vigore dei nuovi termini. Ci\u00f2 che costituisce una modifica sostanziale sar\u00e0 determinato a Nostra esclusiva discrezione.<\/p><p>Continuando ad accedere o a utilizzare il nostro Servizio dopo l'entrata in vigore di tali revisioni, l'Utente accetta di essere vincolato ai termini rivisti. Se l'Utente non accetta i nuovi termini, in tutto o in parte, \u00e8 pregato di interrompere l'utilizzo del sito web e del Servizio.<\/p><h2>Contatto<\/h2><p>In caso di domande sui presenti Termini e condizioni, \u00e8 possibile contattarci:<\/p><ul><li>Per e-mail: info@osenc.com<\/li><\/ul>\t\t\t\t\t\t\t\t<\/div>\n\t\t\t\t<\/div>\n\t\t\t\t\t<\/div>\n\t\t<\/div>\n\t\t\t\t\t<\/div>\n\t\t<\/section>\n\t\t\t\t<\/div>","protected":false},"excerpt":{"rendered":"<p>Terms &#038; Conditions Last updated: October 15, 2022 Please read these terms and conditions carefully before using Our Service. Interpretation [&hellip;]<\/p>\n","protected":false},"author":1,"featured_media":0,"parent":0,"menu_order":44,"comment_status":"closed","ping_status":"closed","template":"","meta":{"site-sidebar-layout":"no-sidebar","site-content-layout":"page-builder","ast-site-content-layout":"default","site-content-style":"default","site-sidebar-style":"default","ast-global-header-display":"","ast-banner-title-visibility":"","ast-main-header-display":"","ast-hfb-above-header-display":"","ast-hfb-below-header-display":"","ast-hfb-mobile-header-display":"","site-post-title":"disabled","ast-breadcrumbs-content":"","ast-featured-img":"disabled","footer-sml-layout":"","ast-disable-related-posts":"","theme-transparent-header-meta":"","adv-header-id-meta":"","stick-header-meta":"","header-above-stick-meta":"","header-main-stick-meta":"","header-below-stick-meta":"","astra-migrate-meta-layouts":"default","ast-page-background-enabled":"default","ast-page-background-meta":{"desktop":{"background-color":"","background-image":"","background-repeat":"repeat","background-position":"center center","background-size":"auto","background-attachment":"scroll","background-type":"","background-media":"","overlay-type":"","overlay-color":"","overlay-opacity":"","overlay-gradient":""},"tablet":{"background-color":"","background-image":"","background-repeat":"repeat","background-position":"center center","background-size":"auto","background-attachment":"scroll","background-type":"","background-media":"","overlay-type":"","overlay-color":"","overlay-opacity":"","overlay-gradient":""},"mobile":{"background-color":"","background-image":"","background-repeat":"repeat","background-position":"center center","background-size":"auto","background-attachment":"scroll","background-type":"","background-media":"","overlay-type":"","overlay-color":"","overlay-opacity":"","overlay-gradient":""}},"ast-content-background-meta":{"desktop":{"background-color":"var(--ast-global-color-5)","background-image":"","background-repeat":"repeat","background-position":"center center","background-size":"auto","background-attachment":"scroll","background-type":"","background-media":"","overlay-type":"","overlay-color":"","overlay-opacity":"","overlay-gradient":""},"tablet":{"background-color":"var(--ast-global-color-5)","background-image":"","background-repeat":"repeat","background-position":"center center","background-size":"auto","background-attachment":"scroll","background-type":"","background-media":"","overlay-type":"","overlay-color":"","overlay-opacity":"","overlay-gradient":""},"mobile":{"background-color":"var(--ast-global-color-5)","background-image":"","background-repeat":"repeat","background-position":"center center","background-size":"auto","background-attachment":"scroll","background-type":"","background-media":"","overlay-type":"","overlay-color":"","overlay-opacity":"","overlay-gradient":""}},"footnotes":""},"class_list":["post-176","page","type-page","status-publish","hentry"],"_links":{"self":[{"href":"https:\/\/osencmag.com\/it\/wp-json\/wp\/v2\/pages\/176","targetHints":{"allow":["GET"]}}],"collection":[{"href":"https:\/\/osencmag.com\/it\/wp-json\/wp\/v2\/pages"}],"about":[{"href":"https:\/\/osencmag.com\/it\/wp-json\/wp\/v2\/types\/page"}],"author":[{"embeddable":true,"href":"https:\/\/osencmag.com\/it\/wp-json\/wp\/v2\/users\/1"}],"replies":[{"embeddable":true,"href":"https:\/\/osencmag.com\/it\/wp-json\/wp\/v2\/comments?post=176"}],"version-history":[{"count":0,"href":"https:\/\/osencmag.com\/it\/wp-json\/wp\/v2\/pages\/176\/revisions"}],"wp:attachment":[{"href":"https:\/\/osencmag.com\/it\/wp-json\/wp\/v2\/media?parent=176"}],"curies":[{"name":"wp","href":"https:\/\/api.w.org\/{rel}","templated":true}]}}