{"id":166,"date":"2022-11-10T01:47:12","date_gmt":"2022-11-10T01:47:12","guid":{"rendered":"https:\/\/osencmag.com\/?page_id=166"},"modified":"2022-11-10T13:17:09","modified_gmt":"2022-11-10T13:17:09","slug":"disclaimer","status":"publish","type":"page","link":"https:\/\/osencmag.com\/it\/disclaimer\/","title":{"rendered":"Dichiarazione di non responsabilit\u00e0"},"content":{"rendered":"<div data-elementor-type=\"wp-page\" data-elementor-id=\"166\" class=\"elementor elementor-166\" data-elementor-post-type=\"page\">\n\t\t\t\t\t\t<section class=\"elementor-section elementor-top-section elementor-element elementor-element-028b6bc elementor-section-height-min-height elementor-section-boxed elementor-section-height-default elementor-section-items-middle\" data-id=\"028b6bc\" data-element_type=\"section\" data-e-type=\"section\">\n\t\t\t\t\t\t<div class=\"elementor-container elementor-column-gap-default\">\n\t\t\t\t\t<div class=\"elementor-column elementor-col-100 elementor-top-column elementor-element elementor-element-f4c005c\" data-id=\"f4c005c\" data-element_type=\"column\" data-e-type=\"column\">\n\t\t\t<div class=\"elementor-widget-wrap elementor-element-populated\">\n\t\t\t\t\t\t<div class=\"elementor-element elementor-element-b93ef87 elementor-widget elementor-widget-heading\" data-id=\"b93ef87\" data-element_type=\"widget\" data-e-type=\"widget\" data-widget_type=\"heading.default\">\n\t\t\t\t<div class=\"elementor-widget-container\">\n\t\t\t\t\t<h1 class=\"elementor-heading-title elementor-size-default\">Dichiarazione di non responsabilit\u00e0<\/h1>\t\t\t\t<\/div>\n\t\t\t\t<\/div>\n\t\t\t\t\t<\/div>\n\t\t<\/div>\n\t\t\t\t\t<\/div>\n\t\t<\/section>\n\t\t\t\t<section class=\"elementor-section elementor-top-section elementor-element elementor-element-4d5574c elementor-section-boxed elementor-section-height-default elementor-section-height-default\" data-id=\"4d5574c\" data-element_type=\"section\" data-e-type=\"section\">\n\t\t\t\t\t\t<div class=\"elementor-container elementor-column-gap-default\">\n\t\t\t\t\t<div class=\"elementor-column elementor-col-100 elementor-top-column elementor-element elementor-element-310156d\" data-id=\"310156d\" data-element_type=\"column\" data-e-type=\"column\">\n\t\t\t<div class=\"elementor-widget-wrap elementor-element-populated\">\n\t\t\t\t\t\t<div class=\"elementor-element elementor-element-6a50ccc elementor-widget elementor-widget-text-editor\" data-id=\"6a50ccc\" data-element_type=\"widget\" data-e-type=\"widget\" data-widget_type=\"text-editor.default\">\n\t\t\t\t<div class=\"elementor-widget-container\">\n\t\t\t\t\t\t\t\t\t<p>Ultimo aggiornamento: 15 ottobre 2022<\/p><h2>Interpretazione e definizioni<\/h2><h3>Interpretazione<\/h3><p>Le parole la cui lettera iniziale \u00e8 maiuscola hanno un significato definito nelle seguenti condizioni. Le seguenti definizioni hanno lo stesso significato indipendentemente dal fatto che appaiano al singolare o al plurale.<\/p><h3>Definizioni<\/h3><p>Ai fini della presente clausola di esclusione della responsabilit\u00e0:<\/p><ul><li><strong>Azienda<\/strong> (indicata come \u201cla Societ\u00e0\u201d, \u201c<a class=\"wpil_keyword_link\" href=\"https:\/\/osencmag.com\/it\/why-choose-osencmag\/\"   title=\"Noi\" data-wpil-keyword-link=\"linked\"  data-wpil-monitor-id=\"362\">Noi<\/a>\u201c, \u201cNoi\u201d o \u201cNostro\u201d in questa dichiarazione di non responsabilit\u00e0) si riferisce a Osenc Magnet Co., Ltd, Mu Lun Chuang Ye Er Lu, Changpin, Dongguan 523000.<\/li><li><strong>Servizio<\/strong> si riferisce al Sito web.<\/li><li><strong>Tu<\/strong> indica l'individuo che accede al Servizio, o la societ\u00e0 o altra persona giuridica per conto della quale tale individuo accede o utilizza il Servizio, a seconda dei casi.<\/li><li><strong>Sito web<\/strong> si riferisce a Osenc, raggiungibile da https:\/\/osencmag.com\/<\/li><\/ul><h2>Dichiarazione di non responsabilit\u00e0<\/h2><p>Le informazioni contenute nel Servizio sono solo a scopo informativo generale.<\/p><p>La Societ\u00e0 non si assume alcuna responsabilit\u00e0 per errori od omissioni nei contenuti del Servizio.<\/p><p>In nessun caso la Societ\u00e0 sar\u00e0 responsabile per danni speciali, diretti, indiretti, consequenziali o incidentali o per qualsiasi altro danno, sia in caso di azione contrattuale, negligenza o altro illecito, derivante da o in connessione con l'uso del Servizio o dei contenuti del Servizio. La Societ\u00e0 si riserva il diritto di apportare aggiunte, cancellazioni o modifiche ai contenuti del Servizio in qualsiasi momento senza preavviso. Questa clausola di esclusione di responsabilit\u00e0 \u00e8 stata creata con l'aiuto del generatore di clausole di esclusione di responsabilit\u00e0 di TermsFeed.<\/p><p>La Societ\u00e0 non garantisce che il Servizio sia privo di virus o di altri componenti dannosi.<\/p><h2>Disclaimer sui link esterni<\/h2><p>Il Servizio pu\u00f2 contenere link a siti web esterni che non sono forniti o gestiti da o in alcun modo affiliati alla Societ\u00e0.<\/p><p>Si noti che la Societ\u00e0 non garantisce l'accuratezza, la pertinenza, la tempestivit\u00e0 o la completezza delle informazioni contenute in questi siti web esterni.<\/p><h2>Esclusione di responsabilit\u00e0 per errori e omissioni<\/h2><p>Le informazioni fornite dal Servizio sono solo di orientamento generale su argomenti di interesse. Anche se la Societ\u00e0 adotta ogni precauzione per assicurare che il contenuto del Servizio sia aggiornato e accurato, possono verificarsi errori. Inoltre, data la natura mutevole di leggi, norme e regolamenti, possono verificarsi ritardi, omissioni o imprecisioni nelle informazioni contenute nel Servizio.<\/p><p>La Societ\u00e0 non \u00e8 responsabile di eventuali errori o omissioni, n\u00e9 dei risultati ottenuti dall'uso di queste informazioni.<\/p><h2>Disclaimer sull'uso corretto<\/h2><p>La Societ\u00e0 pu\u00f2 utilizzare materiale protetto da copyright che non \u00e8 sempre stato specificamente autorizzato dal proprietario del copyright. La Societ\u00e0 mette a disposizione tale materiale a scopo di critica, commento, informazione, insegnamento, studio o ricerca.<\/p><p>La Societ\u00e0 ritiene che ci\u00f2 costituisca un \u201cuso corretto\u201d di tale materiale protetto da copyright, come previsto dalla sezione 107 della legge sul copyright degli Stati Uniti.<\/p><p>Se l'Utente desidera utilizzare materiale protetto da copyright del Servizio per scopi propri che vanno oltre l'uso corretto, deve ottenere l'autorizzazione del proprietario del copyright.<\/p><h2>Opinioni espresse Disclaimer<\/h2><p>Il Servizio pu\u00f2 contenere opinioni e pareri che sono quelli degli autori e non riflettono necessariamente la politica o la posizione ufficiale di qualsiasi altro autore, agenzia, organizzazione, datore di lavoro o societ\u00e0, compresa la Societ\u00e0.<\/p><p>I commenti pubblicati dagli utenti sono di loro esclusiva responsabilit\u00e0 e gli utenti stessi si assumeranno la piena responsabilit\u00e0 e la colpa di qualsiasi diffamazione o controversia che derivi da qualcosa scritto in un commento o come risultato diretto di qualcosa scritto in un commento. La Societ\u00e0 non \u00e8 responsabile di alcun commento pubblicato dagli utenti e si riserva il diritto di cancellare qualsiasi commento per qualsiasi motivo.<\/p><h2>Nessuna responsabilit\u00e0<\/h2><p>Le informazioni contenute nel Servizio sono fornite con l'intesa che la Societ\u00e0 non \u00e8 qui impegnata a fornire consulenza e servizi legali, contabili, fiscali o altri servizi professionali. In quanto tali, non devono essere utilizzate come sostituto della consultazione di consulenti professionali in materia contabile, fiscale, legale o di altra natura.<\/p><p>In nessun caso la Societ\u00e0 o i suoi fornitori saranno responsabili per danni speciali, incidentali, indiretti o consequenziali di qualsiasi tipo derivanti da o in relazione all'accesso o all'uso o all'impossibilit\u00e0 di accedere o utilizzare il Servizio.<\/p><h2>\u201cDisclaimer \u201dUso a proprio rischio e pericolo<\/h2><p>Tutte le informazioni contenute nel Servizio sono fornite \u201ccos\u00ec come sono\u201d, senza alcuna garanzia di completezza, accuratezza, tempestivit\u00e0 o dei risultati ottenuti dall'uso di tali informazioni, e senza alcuna garanzia di alcun tipo, espressa o implicita, comprese, ma non solo, le garanzie di prestazione, commerciabilit\u00e0 e idoneit\u00e0 per uno scopo particolare.<br \/>La Societ\u00e0 non sar\u00e0 responsabile nei confronti dell'Utente o di chiunque altro per qualsiasi decisione presa o azione intrapresa sulla base delle informazioni fornite dal Servizio o per qualsiasi danno consequenziale, speciale o simile, anche se avvisata della possibilit\u00e0 di tali danni.<\/p><h2>Contatto<\/h2><p>In caso di domande su questa clausola di esclusione della responsabilit\u00e0, \u00e8 possibile contattarci:<\/p><ul><li>Per e-mail: info@osenc.com<\/li><\/ul>\t\t\t\t\t\t\t\t<\/div>\n\t\t\t\t<\/div>\n\t\t\t\t\t<\/div>\n\t\t<\/div>\n\t\t\t\t\t<\/div>\n\t\t<\/section>\n\t\t\t\t<\/div>","protected":false},"excerpt":{"rendered":"<p>Disclaimer Last updated: October 15, 2022 Interpretation and Definitions Interpretation The words of which the initial letter is capitalized have [&hellip;]<\/p>\n","protected":false},"author":1,"featured_media":0,"parent":0,"menu_order":46,"comment_status":"closed","ping_status":"closed","template":"","meta":{"site-sidebar-layout":"no-sidebar","site-content-layout":"page-builder","ast-site-content-layout":"default","site-content-style":"default","site-sidebar-style":"default","ast-global-header-display":"","ast-banner-title-visibility":"","ast-main-header-display":"","ast-hfb-above-header-display":"","ast-hfb-below-header-display":"","ast-hfb-mobile-header-display":"","site-post-title":"disabled","ast-breadcrumbs-content":"","ast-featured-img":"disabled","footer-sml-layout":"","ast-disable-related-posts":"","theme-transparent-header-meta":"","adv-header-id-meta":"","stick-header-meta":"","header-above-stick-meta":"","header-main-stick-meta":"","header-below-stick-meta":"","astra-migrate-meta-layouts":"default","ast-page-background-enabled":"default","ast-page-background-meta":{"desktop":{"background-color":"","background-image":"","background-repeat":"repeat","background-position":"center center","background-size":"auto","background-attachment":"scroll","background-type":"","background-media":"","overlay-type":"","overlay-color":"","overlay-opacity":"","overlay-gradient":""},"tablet":{"background-color":"","background-image":"","background-repeat":"repeat","background-position":"center center","background-size":"auto","background-attachment":"scroll","background-type":"","background-media":"","overlay-type":"","overlay-color":"","overlay-opacity":"","overlay-gradient":""},"mobile":{"background-color":"","background-image":"","background-repeat":"repeat","background-position":"center center","background-size":"auto","background-attachment":"scroll","background-type":"","background-media":"","overlay-type":"","overlay-color":"","overlay-opacity":"","overlay-gradient":""}},"ast-content-background-meta":{"desktop":{"background-color":"var(--ast-global-color-5)","background-image":"","background-repeat":"repeat","background-position":"center center","background-size":"auto","background-attachment":"scroll","background-type":"","background-media":"","overlay-type":"","overlay-color":"","overlay-opacity":"","overlay-gradient":""},"tablet":{"background-color":"var(--ast-global-color-5)","background-image":"","background-repeat":"repeat","background-position":"center center","background-size":"auto","background-attachment":"scroll","background-type":"","background-media":"","overlay-type":"","overlay-color":"","overlay-opacity":"","overlay-gradient":""},"mobile":{"background-color":"var(--ast-global-color-5)","background-image":"","background-repeat":"repeat","background-position":"center center","background-size":"auto","background-attachment":"scroll","background-type":"","background-media":"","overlay-type":"","overlay-color":"","overlay-opacity":"","overlay-gradient":""}},"footnotes":""},"class_list":["post-166","page","type-page","status-publish","hentry"],"_links":{"self":[{"href":"https:\/\/osencmag.com\/it\/wp-json\/wp\/v2\/pages\/166","targetHints":{"allow":["GET"]}}],"collection":[{"href":"https:\/\/osencmag.com\/it\/wp-json\/wp\/v2\/pages"}],"about":[{"href":"https:\/\/osencmag.com\/it\/wp-json\/wp\/v2\/types\/page"}],"author":[{"embeddable":true,"href":"https:\/\/osencmag.com\/it\/wp-json\/wp\/v2\/users\/1"}],"replies":[{"embeddable":true,"href":"https:\/\/osencmag.com\/it\/wp-json\/wp\/v2\/comments?post=166"}],"version-history":[{"count":0,"href":"https:\/\/osencmag.com\/it\/wp-json\/wp\/v2\/pages\/166\/revisions"}],"wp:attachment":[{"href":"https:\/\/osencmag.com\/it\/wp-json\/wp\/v2\/media?parent=166"}],"curies":[{"name":"wp","href":"https:\/\/api.w.org\/{rel}","templated":true}]}}