{"id":5366,"date":"2024-11-03T08:15:14","date_gmt":"2024-11-03T08:15:14","guid":{"rendered":"https:\/\/osencmag.com\/?post_type=product&#038;p=5366"},"modified":"2024-11-03T08:15:14","modified_gmt":"2024-11-03T08:15:14","slug":"mining-permanent-magnet-neodymium-drums","status":"publish","type":"product","link":"https:\/\/osencmag.com\/fr\/product\/mining-permanent-magnet-neodymium-drums\/","title":{"rendered":"Tambours miniers \u00e0 aimant permanent au n\u00e9odyme"},"content":{"rendered":"<p>Nos tambours miniers \u00e0 aimant permanent NdFeB sont con\u00e7us pour les conditions mini\u00e8res exigeantes, avec une excellente force magn\u00e9tique pour s\u00e9parer efficacement les mat\u00e9riaux ferreux. Con\u00e7us avec des aimants permanents au n\u00e9odyme, ces tambours sont disponibles dans des tailles personnalisables, g\u00e9n\u00e9ralement de 18 \u00e0 48 pouces de diam\u00e8tre. Ils sont fabriqu\u00e9s en acier tremp\u00e9 ou en acier inoxydable pour r\u00e9sister aux environnements les plus difficiles. Nos rev\u00eatements \u00e9poxy et zinc r\u00e9sistants \u00e0 l'usure pr\u00e9viennent l'usure et garantissent une plus longue dur\u00e9e de vie. Ce type de tambour magn\u00e9tique est essentiel pour augmenter les taux de r\u00e9cup\u00e9ration des mat\u00e9riaux et am\u00e9liorer la qualit\u00e9 de l'acier extrait du minerai, ce qui en fait un composant essentiel des op\u00e9rations mini\u00e8res.<\/p>","protected":false},"excerpt":{"rendered":"<ul>\n<li><strong><a class=\"wpil_keyword_link\" href=\"https:\/\/osencmag.com\/fr\/blog\/between-different-types-of-magnets\/\"   title=\"Type d&#039;aimant\" data-wpil-keyword-link=\"linked\"  data-wpil-monitor-id=\"546\">Type d'aimant<\/a>:<\/strong> Aimants permanents au n\u00e9odyme con\u00e7us pour une force magn\u00e9tique maximale, assurant une s\u00e9paration efficace des mat\u00e9riaux ferreux dans les applications mini\u00e8res.<\/li>\n<li><strong>Options de taille :<\/strong> Dimensions personnalis\u00e9es disponibles, g\u00e9n\u00e9ralement de 18 \u00e0 48 pouces de diam\u00e8tre et longueurs r\u00e9glables.<\/li>\n<li><strong>Mat\u00e9riau de la coque :<\/strong> Fabriqu\u00e9s \u00e0 partir de mat\u00e9riaux robustes tels que l'acier tremp\u00e9 et l'acier inoxydable, ils sont con\u00e7us pour r\u00e9sister aux rigueurs des op\u00e9rations mini\u00e8res.<\/li>\n<li><strong>Options de rev\u00eatement :<\/strong> Les rev\u00eatements les plus courants sont l'\u00e9poxy r\u00e9sistant \u00e0 l'abrasion et la galvanisation, qui prot\u00e8gent contre les conditions difficiles et am\u00e9liorent la durabilit\u00e9.<\/li>\n<li><strong>Applications :<\/strong> Id\u00e9al pour les op\u00e9rations mini\u00e8res afin de s\u00e9parer le fer et l'acier du minerai, am\u00e9liorant ainsi la qualit\u00e9 des mat\u00e9riaux et les taux de r\u00e9cup\u00e9ration.<\/li>\n<\/ul>","protected":false},"featured_media":5367,"template":"","meta":{"site-sidebar-layout":"default","site-content-layout":"","ast-site-content-layout":"default","site-content-style":"default","site-sidebar-style":"default","ast-global-header-display":"","ast-banner-title-visibility":"","ast-main-header-display":"","ast-hfb-above-header-display":"","ast-hfb-below-header-display":"","ast-hfb-mobile-header-display":"","site-post-title":"","ast-breadcrumbs-content":"","ast-featured-img":"","footer-sml-layout":"","ast-disable-related-posts":"","theme-transparent-header-meta":"default","adv-header-id-meta":"","stick-header-meta":"default","header-above-stick-meta":"","header-main-stick-meta":"","header-below-stick-meta":"","astra-migrate-meta-layouts":"set","ast-page-background-enabled":"default","ast-page-background-meta":{"desktop":{"background-color":"","background-image":"","background-repeat":"repeat","background-position":"center center","background-size":"auto","background-attachment":"scroll","background-type":"","background-media":"","overlay-type":"","overlay-color":"","overlay-opacity":"","overlay-gradient":""},"tablet":{"background-color":"","background-image":"","background-repeat":"repeat","background-position":"center center","background-size":"auto","background-attachment":"scroll","background-type":"","background-media":"","overlay-type":"","overlay-color":"","overlay-opacity":"","overlay-gradient":""},"mobile":{"background-color":"","background-image":"","background-repeat":"repeat","background-position":"center center","background-size":"auto","background-attachment":"scroll","background-type":"","background-media":"","overlay-type":"","overlay-color":"","overlay-opacity":"","overlay-gradient":""}},"ast-content-background-meta":{"desktop":{"background-color":"var(--ast-global-color-5)","background-image":"","background-repeat":"repeat","background-position":"center center","background-size":"auto","background-attachment":"scroll","background-type":"","background-media":"","overlay-type":"","overlay-color":"","overlay-opacity":"","overlay-gradient":""},"tablet":{"background-color":"var(--ast-global-color-5)","background-image":"","background-repeat":"repeat","background-position":"center center","background-size":"auto","background-attachment":"scroll","background-type":"","background-media":"","overlay-type":"","overlay-color":"","overlay-opacity":"","overlay-gradient":""},"mobile":{"background-color":"var(--ast-global-color-5)","background-image":"","background-repeat":"repeat","background-position":"center center","background-size":"auto","background-attachment":"scroll","background-type":"","background-media":"","overlay-type":"","overlay-color":"","overlay-opacity":"","overlay-gradient":""}}},"product_brand":[],"product_cat":[137,62],"product_tag":[141,139,138,142,140],"class_list":{"0":"post-5366","1":"product","2":"type-product","3":"status-publish","4":"has-post-thumbnail","6":"product_cat-magnetic-drum","7":"product_cat-magnetic-assemblies","8":"product_tag-customized-drums","9":"product_tag-drum-factories","10":"product_tag-drum-manufacturers","11":"product_tag-drum-production","12":"product_tag-drum-suppliers","13":"desktop-align-center","14":"tablet-align-left","15":"mobile-align-left","17":"first","18":"instock","19":"shipping-taxable","20":"product-type-simple"},"_links":{"self":[{"href":"https:\/\/osencmag.com\/fr\/wp-json\/wp\/v2\/product\/5366","targetHints":{"allow":["GET"]}}],"collection":[{"href":"https:\/\/osencmag.com\/fr\/wp-json\/wp\/v2\/product"}],"about":[{"href":"https:\/\/osencmag.com\/fr\/wp-json\/wp\/v2\/types\/product"}],"wp:featuredmedia":[{"embeddable":true,"href":"https:\/\/osencmag.com\/fr\/wp-json\/wp\/v2\/media\/5367"}],"wp:attachment":[{"href":"https:\/\/osencmag.com\/fr\/wp-json\/wp\/v2\/media?parent=5366"}],"wp:term":[{"taxonomy":"product_brand","embeddable":true,"href":"https:\/\/osencmag.com\/fr\/wp-json\/wp\/v2\/product_brand?post=5366"},{"taxonomy":"product_cat","embeddable":true,"href":"https:\/\/osencmag.com\/fr\/wp-json\/wp\/v2\/product_cat?post=5366"},{"taxonomy":"product_tag","embeddable":true,"href":"https:\/\/osencmag.com\/fr\/wp-json\/wp\/v2\/product_tag?post=5366"}],"curies":[{"name":"wp","href":"https:\/\/api.w.org\/{rel}","templated":true}]}}